{"id":3042,"date":"2023-06-08T10:42:22","date_gmt":"2023-06-08T07:42:22","guid":{"rendered":"https:\/\/brostec.fi\/uusieup\/?page_id=3042"},"modified":"2023-08-08T00:02:40","modified_gmt":"2023-08-07T21:02:40","slug":"tietosuoja","status":"publish","type":"page","link":"https:\/\/eup.fi\/web\/tietosuoja\/","title":{"rendered":"Tietosuoja"},"content":{"rendered":"[vc_row type=&#8221;in_container&#8221; full_screen_row_position=&#8221;middle&#8221; column_margin=&#8221;default&#8221; column_direction=&#8221;default&#8221; column_direction_tablet=&#8221;default&#8221; column_direction_phone=&#8221;default&#8221; scene_position=&#8221;center&#8221; text_color=&#8221;dark&#8221; text_align=&#8221;left&#8221; row_border_radius=&#8221;none&#8221; row_border_radius_applies=&#8221;bg&#8221; overflow=&#8221;visible&#8221; overlay_strength=&#8221;0.3&#8243; gradient_direction=&#8221;left_to_right&#8221; shape_divider_position=&#8221;bottom&#8221; bg_image_animation=&#8221;none&#8221;][vc_column column_padding=&#8221;no-extra-padding&#8221; column_padding_tablet=&#8221;inherit&#8221; column_padding_phone=&#8221;inherit&#8221; column_padding_position=&#8221;all&#8221; column_element_direction_desktop=&#8221;default&#8221; column_element_spacing=&#8221;default&#8221; desktop_text_alignment=&#8221;default&#8221; tablet_text_alignment=&#8221;default&#8221; phone_text_alignment=&#8221;default&#8221; background_color_opacity=&#8221;1&#8243; background_hover_color_opacity=&#8221;1&#8243; column_backdrop_filter=&#8221;none&#8221; column_shadow=&#8221;none&#8221; column_border_radius=&#8221;none&#8221; column_link_target=&#8221;_self&#8221; column_position=&#8221;default&#8221; gradient_direction=&#8221;left_to_right&#8221; overlay_strength=&#8221;0.3&#8243; width=&#8221;1\/6&#8243; tablet_width_inherit=&#8221;default&#8221; animation_type=&#8221;default&#8221; bg_image_animation=&#8221;none&#8221; border_type=&#8221;simple&#8221; column_border_width=&#8221;none&#8221; column_border_style=&#8221;solid&#8221;][\/vc_column][vc_column column_padding=&#8221;no-extra-padding&#8221; column_padding_tablet=&#8221;inherit&#8221; column_padding_phone=&#8221;inherit&#8221; column_padding_position=&#8221;all&#8221; column_element_direction_desktop=&#8221;default&#8221; column_element_spacing=&#8221;default&#8221; desktop_text_alignment=&#8221;default&#8221; tablet_text_alignment=&#8221;default&#8221; phone_text_alignment=&#8221;default&#8221; background_color_opacity=&#8221;1&#8243; background_hover_color_opacity=&#8221;1&#8243; column_backdrop_filter=&#8221;none&#8221; column_shadow=&#8221;none&#8221; column_border_radius=&#8221;none&#8221; column_link_target=&#8221;_self&#8221; column_position=&#8221;default&#8221; gradient_direction=&#8221;left_to_right&#8221; overlay_strength=&#8221;0.3&#8243; width=&#8221;2\/3&#8243; tablet_width_inherit=&#8221;default&#8221; animation_type=&#8221;default&#8221; bg_image_animation=&#8221;none&#8221; border_type=&#8221;simple&#8221; column_border_width=&#8221;none&#8221; column_border_style=&#8221;solid&#8221;][vc_column_text]\n<h2 class=\"font_2 wixui-rich-text__text\" style=\"text-align: center;\"><span class=\"wixui-rich-text__text\">Ev\u00e4steet, rekisterit ja oikeudet<\/span><\/h2>\n<h1 class=\"font_0 wixui-rich-text__text\" style=\"text-align: center;\"><span class=\"wixui-rich-text__text\">Tietosuojaseloste<\/span><\/h1>\n[\/vc_column_text][\/vc_column][vc_column column_padding=&#8221;no-extra-padding&#8221; column_padding_tablet=&#8221;inherit&#8221; column_padding_phone=&#8221;inherit&#8221; column_padding_position=&#8221;all&#8221; column_element_direction_desktop=&#8221;default&#8221; column_element_spacing=&#8221;default&#8221; desktop_text_alignment=&#8221;default&#8221; tablet_text_alignment=&#8221;default&#8221; phone_text_alignment=&#8221;default&#8221; background_color_opacity=&#8221;1&#8243; background_hover_color_opacity=&#8221;1&#8243; column_backdrop_filter=&#8221;none&#8221; column_shadow=&#8221;none&#8221; column_border_radius=&#8221;none&#8221; column_link_target=&#8221;_self&#8221; column_position=&#8221;default&#8221; gradient_direction=&#8221;left_to_right&#8221; overlay_strength=&#8221;0.3&#8243; width=&#8221;1\/6&#8243; tablet_width_inherit=&#8221;default&#8221; animation_type=&#8221;default&#8221; bg_image_animation=&#8221;none&#8221; border_type=&#8221;simple&#8221; column_border_width=&#8221;none&#8221; column_border_style=&#8221;solid&#8221;][\/vc_column][\/vc_row][vc_row type=&#8221;in_container&#8221; full_screen_row_position=&#8221;middle&#8221; column_margin=&#8221;default&#8221; column_direction=&#8221;default&#8221; column_direction_tablet=&#8221;default&#8221; column_direction_phone=&#8221;default&#8221; scene_position=&#8221;center&#8221; text_color=&#8221;dark&#8221; text_align=&#8221;left&#8221; row_border_radius=&#8221;none&#8221; row_border_radius_applies=&#8221;bg&#8221; overflow=&#8221;visible&#8221; overlay_strength=&#8221;0.3&#8243; gradient_direction=&#8221;left_to_right&#8221; shape_divider_position=&#8221;bottom&#8221; bg_image_animation=&#8221;none&#8221;][vc_column column_padding=&#8221;no-extra-padding&#8221; column_padding_tablet=&#8221;inherit&#8221; column_padding_phone=&#8221;inherit&#8221; column_padding_position=&#8221;all&#8221; column_element_direction_desktop=&#8221;default&#8221; column_element_spacing=&#8221;default&#8221; desktop_text_alignment=&#8221;default&#8221; tablet_text_alignment=&#8221;default&#8221; phone_text_alignment=&#8221;default&#8221; background_color_opacity=&#8221;1&#8243; background_hover_color_opacity=&#8221;1&#8243; column_backdrop_filter=&#8221;none&#8221; column_shadow=&#8221;none&#8221; column_border_radius=&#8221;none&#8221; column_link_target=&#8221;_self&#8221; column_position=&#8221;default&#8221; gradient_direction=&#8221;left_to_right&#8221; overlay_strength=&#8221;0.3&#8243; width=&#8221;1\/1&#8243; tablet_width_inherit=&#8221;default&#8221; animation_type=&#8221;default&#8221; bg_image_animation=&#8221;none&#8221; border_type=&#8221;simple&#8221; column_border_width=&#8221;none&#8221; column_border_style=&#8221;solid&#8221;][vc_column_text]\n<p class=\"font_8 wixui-rich-text__text\"><span class=\"color_15 wixui-rich-text__text\"><span class=\"wixui-rich-text__text\"><strong>Ev\u00e4steet<\/strong><br class=\"wixui-rich-text__text\" \/>T\u00e4m\u00e4 sivusto k\u00e4ytt\u00e4\u00e4 ev\u00e4steit\u00e4. Sivuston k\u00e4ytt\u00f6\u00e4 seurataan, jotta palvelua voidaan parantaa. Seurannassa k\u00e4ytet\u00e4\u00e4n ev\u00e4steit\u00e4 (cookies). Ev\u00e4steiden k\u00e4ytt\u00f6 ei tallenna mit\u00e4\u00e4n tietoa, jonka perusteella k\u00e4ytt\u00e4j\u00e4t voitaisiin yksil\u00f6id\u00e4 tai tunnistaa. Ev\u00e4ste ei vaikuta tietoturvaan, eik\u00e4 se voi levitt\u00e4\u00e4 viruksia tai haittaohjelmia. Vierailemalla sivustolla hyv\u00e4ksyt ev\u00e4steiden k\u00e4yt\u00f6n. Voit v\u00e4ltt\u00e4\u00e4 ev\u00e4steet muokkaamalla selaimen asetuksia ja kielt\u00e4m\u00e4ll\u00e4 niiden k\u00e4yt\u00f6n. Lis\u00e4tietoja ev\u00e4steist\u00e4 Viestint\u00e4viraston verkkosivuilta\u00a0<a class=\"wixui-rich-text__text\" href=\"http:\/\/www.viestintavirasto.fi\/\" target=\"_blank\" rel=\"noreferrer noopener\">https:\/\/www.viestintavirasto.fi.<\/a><\/span><\/span><\/p>\n<p class=\"font_8 wixui-rich-text__text\"><span class=\"color_15 wixui-rich-text__text\"><span class=\"wixui-rich-text__text\"><strong>Tekij\u00e4noikeudet<\/strong><br class=\"wixui-rich-text__text\" \/>Oikeudet sivustossa julkaistavaan aineistoon ovat tekij\u00e4noikeuslain ja siihen my\u00f6hemmin tehtyjen muutosten mukaisesti Eup puhdistuspalvelut Oy:ll\u00e4. Kaikki oikeudet pid\u00e4tet\u00e4\u00e4n. Eup puhdistuspalvelut Oy ei vastaa sivuston sis\u00e4ll\u00f6n mahdollisten virheiden aiheuttamista vahingoista. Eup puhdistuspalvelut Oy ei my\u00f6sk\u00e4\u00e4n ole vastuussa sellaisesta haitasta, joka johtuu teknisist\u00e4 h\u00e4iri\u00f6ist\u00e4 tai sivustoon linkitetyst\u00e4 materiaalista, joka on ulkopuolisten osapuolten julkaisemaa.<\/span><\/span><\/p>\n<p class=\"font_8 wixui-rich-text__text\"><span class=\"color_15 wixui-rich-text__text\"><span class=\"wixui-rich-text__text\"><strong>TY\u00d6NHAKIJAREKISTERISELOSTE<\/strong><br class=\"wixui-rich-text__text\" \/>Henkil\u00f6tietolain (523\/99) 10 \u00a7:n mukainen rekisteriseloste<\/span><\/span><\/p>\n<p class=\"font_8 wixui-rich-text__text\"><span class=\"color_15 wixui-rich-text__text\"><span class=\"wixui-rich-text__text\"><strong>Rekisterinpit\u00e4j\u00e4\/ hoitaja<\/strong><br class=\"wixui-rich-text__text\" \/>Eup puhdistuspalvelut Oy<br class=\"wixui-rich-text__text\" \/>Teollisuustie 11, 27510 Eura<\/span><\/span><\/p>\n<p class=\"font_8 wixui-rich-text__text\"><span class=\"color_15 wixui-rich-text__text\"><span class=\"wixui-rich-text__text\"><strong>Rekisterin nimi<\/strong><br class=\"wixui-rich-text__text\" \/>Eup puhdistuspalvelut Oy ty\u00f6nhakijarekisteri<\/span><\/span><\/p>\n<p class=\"font_8 wixui-rich-text__text\"><span class=\"color_15 wixui-rich-text__text\"><span class=\"wixui-rich-text__text\"><strong>Henkil\u00f6tietojen k\u00e4sittelyn tarkoitus<\/strong><br class=\"wixui-rich-text__text\" \/>Rekisteri\u00e4 k\u00e4ytet\u00e4\u00e4n ty\u00f6ntekij\u00f6iden rekrytointiin ja ty\u00f6suhteiden luomiseen. Henkil\u00f6tietoja k\u00e4sitell\u00e4\u00e4n ty\u00f6nhakijan soveltuvuuden arvioinnissa ja valitsemisessa avoinna oleviin ty\u00f6teht\u00e4viin.<\/span><\/span><\/p>\n<p class=\"font_8 wixui-rich-text__text\"><span class=\"color_15 wixui-rich-text__text\"><span class=\"wixui-rich-text__text\"><strong>Kuvaus rekisterist\u00e4<\/strong><br class=\"wixui-rich-text__text\" \/>Rekisteri sis\u00e4lt\u00e4\u00e4 henkil\u00f6tietoja ty\u00f6nhakijoista.<\/span><\/span><\/p>\n<p class=\"font_8 wixui-rich-text__text\"><span class=\"color_15 wixui-rich-text__text\"><span class=\"wixui-rich-text__text\"><strong>Kuvaus rekister\u00f6ityihin liittyvist\u00e4 tiedoista<\/strong><br class=\"wixui-rich-text__text\" \/>Rekisteri saattaa sis\u00e4lt\u00e4\u00e4 seuraavia tietoja:<br class=\"wixui-rich-text__text\" \/>Henkil\u00f6n nimi, kuva, osoite, s\u00e4hk\u00f6postiosoite, puhelinnumero, koulutus, ty\u00f6kokemus, kieli- ja IT-taidot, muut p\u00e4tevyydet, haettavaan teht\u00e4v\u00e4\u00e4n kohdistuvat toiveet sek\u00e4 hakijan itse mahdollisesti antamat muut tiedot.<\/span><\/span><\/p>\n<p class=\"font_8 wixui-rich-text__text\"><span class=\"color_15 wixui-rich-text__text\"><span class=\"wixui-rich-text__text\"><strong>Tietojen s\u00e4ilytt\u00e4minen<\/strong><br class=\"wixui-rich-text__text\" \/>Tietoja s\u00e4ilytet\u00e4\u00e4n siihen saakka kun paikka on t\u00e4ytetty.<\/span><\/span><\/p>\n<p class=\"font_8 wixui-rich-text__text\"><span class=\"color_15 wixui-rich-text__text\"><span class=\"wixui-rich-text__text\"><strong>S\u00e4\u00e4nn\u00f6nmukaiset tietol\u00e4hteet<\/strong><br class=\"wixui-rich-text__text\" \/>Ty\u00f6nhakijan itse ty\u00f6hakemuksella antamat tiedot.<\/span><\/span><\/p>\n<p class=\"font_8 wixui-rich-text__text\"><span class=\"color_15 wixui-rich-text__text\"><span class=\"wixui-rich-text__text\"><strong>Tietojen s\u00e4\u00e4nn\u00f6nmukaiset luovutukset<\/strong><br class=\"wixui-rich-text__text\" \/>Tietoja ei luovuteta ulkopuolisille kuin lains\u00e4\u00e4d\u00e4nn\u00f6n niin velvoittaessa.<\/span><\/span><\/p>\n<p class=\"font_8 wixui-rich-text__text\"><span class=\"color_15 wixui-rich-text__text\"><span class=\"wixui-rich-text__text\"><strong>Tietojen siirto EU:n tai Euroopan talousalueen ulkopuolelle<\/strong><br class=\"wixui-rich-text__text\" \/>Tietoja ei siirret\u00e4 tai luovuteta EU:n tai Euroopan talousalueen ulkopuolelle.<\/span><\/span><\/p>\n<p class=\"font_8 wixui-rich-text__text\"><span class=\"color_15 wixui-rich-text__text\"><span class=\"wixui-rich-text__text\"><strong>Rekisterin suojauksen periaatteet<\/strong><br class=\"wixui-rich-text__text\" \/>Rekisterinpit\u00e4j\u00e4n tietoj\u00e4rjestelm\u00e4 ja tiedostot on suojattu yritystoiminnassa normaalisti k\u00e4yt\u00f6ss\u00e4 olevilla teknisill\u00e4 suojausmenetelmill\u00e4. Rekisterin k\u00e4ytt\u00f6oikeus edellytt\u00e4\u00e4 henkil\u00f6kohtaista k\u00e4ytt\u00e4j\u00e4tunnusta ja salasanaa, jotka my\u00f6nnet\u00e4\u00e4n vain rekisterinpit\u00e4j\u00e4n henkil\u00f6kuntaan kuuluvalle tai rekisterinpit\u00e4j\u00e4n lukuun toimivalle palvelun tuottajalle.<\/span><\/span><\/p>\n<p class=\"font_8 wixui-rich-text__text\"><span class=\"color_15 wixui-rich-text__text\"><span class=\"wixui-rich-text__text\"><strong>Tarkastusoikeus<\/strong><br class=\"wixui-rich-text__text\" \/>Rekister\u00f6idyll\u00e4 on oikeus tarkastaa rekisteriin tallennetut itse\u00e4\u00e4n koskevat tiedot. Tarkastuspyynt\u00f6 tulee tehd\u00e4 kirjallisesti osoitteeseen Eup puhdistuspalvelut Oy, Teollisuustie 11, 27510 Eura.<\/span><\/span><\/p>\n<p class=\"font_8 wixui-rich-text__text\"><span class=\"color_15 wixui-rich-text__text\"><span class=\"wixui-rich-text__text\"><strong>Tiedon korjaaminen<\/strong><br class=\"wixui-rich-text__text\" \/>Eup puhdistuspalvelut Oy korjaa rekisteriss\u00e4 olevan virheellisen tiedon rekister\u00f6idyn pyynn\u00f6st\u00e4. Tiedon korjaamiseksi henkil\u00f6n tulee ottaa kirjallisesti yhteytt\u00e4 osoitteeseen Eup puhdistuspalvelut Oy, Teollisuustie 11, 27510 Eura<\/span><\/span><\/p>\n[\/vc_column_text][\/vc_column][\/vc_row]\n","protected":false},"excerpt":{"rendered":"<p>[vc_row type=&#8221;in_container&#8221; full_screen_row_position=&#8221;middle&#8221; column_margin=&#8221;default&#8221; column_direction=&#8221;default&#8221; column_direction_tablet=&#8221;default&#8221; column_direction_phone=&#8221;default&#8221; scene_position=&#8221;center&#8221; text_color=&#8221;dark&#8221; text_align=&#8221;left&#8221; row_border_radius=&#8221;none&#8221; row_border_radius_applies=&#8221;bg&#8221; overflow=&#8221;visible&#8221; overlay_strength=&#8221;0.3&#8243; gradient_direction=&#8221;left_to_right&#8221; shape_divider_position=&#8221;bottom&#8221; bg_image_animation=&#8221;none&#8221;][vc_column column_padding=&#8221;no-extra-padding&#8221; column_padding_tablet=&#8221;inherit&#8221; column_padding_phone=&#8221;inherit&#8221; column_padding_position=&#8221;all&#8221; column_element_direction_desktop=&#8221;default&#8221; column_element_spacing=&#8221;default&#8221; desktop_text_alignment=&#8221;default&#8221; tablet_text_alignment=&#8221;default&#8221; phone_text_alignment=&#8221;default&#8221; background_color_opacity=&#8221;1&#8243; background_hover_color_opacity=&#8221;1&#8243; column_backdrop_filter=&#8221;none&#8221; column_shadow=&#8221;none&#8221;&#8230;<\/p>\n","protected":false},"author":6,"featured_media":0,"parent":0,"menu_order":0,"comment_status":"closed","ping_status":"closed","template":"","meta":[],"_links":{"self":[{"href":"https:\/\/eup.fi\/web\/wp-json\/wp\/v2\/pages\/3042"}],"collection":[{"href":"https:\/\/eup.fi\/web\/wp-json\/wp\/v2\/pages"}],"about":[{"href":"https:\/\/eup.fi\/web\/wp-json\/wp\/v2\/types\/page"}],"author":[{"embeddable":true,"href":"https:\/\/eup.fi\/web\/wp-json\/wp\/v2\/users\/6"}],"replies":[{"embeddable":true,"href":"https:\/\/eup.fi\/web\/wp-json\/wp\/v2\/comments?post=3042"}],"version-history":[{"count":1,"href":"https:\/\/eup.fi\/web\/wp-json\/wp\/v2\/pages\/3042\/revisions"}],"predecessor-version":[{"id":3238,"href":"https:\/\/eup.fi\/web\/wp-json\/wp\/v2\/pages\/3042\/revisions\/3238"}],"wp:attachment":[{"href":"https:\/\/eup.fi\/web\/wp-json\/wp\/v2\/media?parent=3042"}],"curies":[{"name":"wp","href":"https:\/\/api.w.org\/{rel}","templated":true}]}}